{"id":2,"date":"2012-02-06T18:00:08","date_gmt":"2012-02-06T18:00:08","guid":{"rendered":"http:\/\/governors.no\/?page_id=2"},"modified":"2022-04-03T13:06:08","modified_gmt":"2022-04-03T11:06:08","slug":"sample-page","status":"publish","type":"page","link":"http:\/\/www.governors.no\/?page_id=2","title":{"rendered":"Bandet"},"content":{"rendered":"<p><span style=\"color: #99ccff;\"><strong>Mossebandet Governors beveger seg i grenselandet mellom rock og blues. De har sine musikalske r\u00f8tter i s\u00f8rstatene, inspirert av band som Gov\u00b4t Mule, Tedschi Trucks Band, ZZ Top og Allman Brothers Band.<\/strong><\/span><\/p>\n<p><span style=\"color: #99ccff;\">Governors best\u00e5r av vokalist og gitarist Lars Hovland, Jan Andre S\u00e6ther p\u00e5 trommer, Morten Slettmyr p\u00e5 gitar og sang, samt P\u00e5l Mikkelsen p\u00e5 bass. Bandet har en solid stamme av egenkomponerte l\u00e5ter, i tillegg til musikalske forgreninger til artister som Neil Young, BB King, Warren Haynes og Fleetwood Mac.<\/span><\/p>\n<p><span style=\"color: #99ccff;\">Bandmedlemmene i Governors har alle lang fartstid i bandsammenheng. Lars Hovland og Jan Andre S\u00e6ther startet sitt musikalske samarbeid allerede i 1978, som medlemmer av Rygge-bandet Moonshine. Morten Slettmyr er opprinnelig fra Kristiansand, oppvokst i Oslo, og er n\u00e5 bosatt i Moss. Han har spilt i flere Oslo-band og spiller fortsatt noen konserter i \u00e5ret med Dylan tribute bandet Forever Young.<\/span><\/p>\n<p><span style=\"color: #99ccff;\">P\u00e5l Mikkelsen er en veteran i det norske musikermilj\u00f8et. Han har spilt i utallige band opp gjennom \u00e5rene, og har mange \u00e5r p\u00e5 veien som profesjonell musiker og bassist med en rekke kjente norske band og artister som Steven Ackles, Rune Rudberg, Torgeir og Kjendisene, Boston Tea party for \u00e5 nevne noen. P\u00e5l spiller ogs\u00e5 i Groove Mission og Sofagruppa.<\/span><\/p>\n<h3 style=\"text-align: center;\"><span style=\"color: #99ccff;\"><br \/>\n<span style=\"color: #800080;\">The Governors best\u00e5r av:<\/span><\/span><\/h3>\n<h3 style=\"text-align: center;\"><span style=\"color: #ff00ff;\">Lars Hovland &#8211; gitar og vokal<\/span><\/h3>\n<p><a href=\"http:\/\/governors.no\/wp-content\/uploads\/2015\/11\/LarsPS.jpg\"><img loading=\"lazy\" decoding=\"async\" class=\"aligncenter size-medium wp-image-172\" src=\"http:\/\/governors.no\/wp-content\/uploads\/2015\/11\/LarsPS-300x200.jpg\" alt=\"Governors: Lars (Foto:Kjell Torgersen)\" width=\"300\" height=\"200\" srcset=\"http:\/\/governors.no\/wp-content\/uploads\/2015\/11\/LarsPS-300x200.jpg 300w, http:\/\/governors.no\/wp-content\/uploads\/2015\/11\/LarsPS-450x300.jpg 450w, http:\/\/governors.no\/wp-content\/uploads\/2015\/11\/LarsPS-900x600.jpg 900w, http:\/\/governors.no\/wp-content\/uploads\/2015\/11\/LarsPS.jpg 960w\" sizes=\"auto, (max-width: 300px) 100vw, 300px\" \/><\/a><\/p>\n<h3 style=\"text-align: center;\"><\/h3>\n<h3 style=\"text-align: center;\"><span style=\"color: #ff00ff;\">Jan Andre S\u00e6ther &#8211; trommer<\/span><\/h3>\n<p><a href=\"http:\/\/governors.no\/wp-content\/uploads\/2015\/11\/JanPS.jpg\"><img loading=\"lazy\" decoding=\"async\" class=\"aligncenter size-medium wp-image-169\" src=\"http:\/\/governors.no\/wp-content\/uploads\/2015\/11\/JanPS-300x200.jpg\" alt=\"Governors: Jan (Foto:Kjell Torgersen)\" width=\"300\" height=\"200\" srcset=\"http:\/\/governors.no\/wp-content\/uploads\/2015\/11\/JanPS-300x200.jpg 300w, http:\/\/governors.no\/wp-content\/uploads\/2015\/11\/JanPS-450x300.jpg 450w, http:\/\/governors.no\/wp-content\/uploads\/2015\/11\/JanPS-900x600.jpg 900w, http:\/\/governors.no\/wp-content\/uploads\/2015\/11\/JanPS.jpg 960w\" sizes=\"auto, (max-width: 300px) 100vw, 300px\" \/><\/a><\/p>\n<h3 style=\"text-align: center;\"><span style=\"color: #ff00ff;\">Morten Slettmyr &#8211; gitar og vokal<\/span><\/h3>\n<p><a href=\"http:\/\/governors.no\/wp-content\/uploads\/2015\/11\/MortenPS.jpg\"><img loading=\"lazy\" decoding=\"async\" class=\"aligncenter size-medium wp-image-170\" src=\"http:\/\/governors.no\/wp-content\/uploads\/2015\/11\/MortenPS-300x200.jpg\" alt=\"Governors: Morten (Foto:Kjell Torgersen)\" width=\"300\" height=\"200\" srcset=\"http:\/\/governors.no\/wp-content\/uploads\/2015\/11\/MortenPS-300x200.jpg 300w, http:\/\/governors.no\/wp-content\/uploads\/2015\/11\/MortenPS-450x300.jpg 450w, http:\/\/governors.no\/wp-content\/uploads\/2015\/11\/MortenPS-900x600.jpg 900w, http:\/\/governors.no\/wp-content\/uploads\/2015\/11\/MortenPS.jpg 960w\" sizes=\"auto, (max-width: 300px) 100vw, 300px\" \/><\/a><\/p>\n<h3 style=\"text-align: center;\"><span style=\"color: #ff00ff;\">P\u00e5l Mikkelsen &#8211; bass<\/span><\/h3>\n<p><a href=\"http:\/\/governors.no\/wp-content\/uploads\/2015\/11\/P\u00e5lPS.jpg\"><img loading=\"lazy\" decoding=\"async\" class=\"aligncenter size-medium wp-image-171\" src=\"http:\/\/governors.no\/wp-content\/uploads\/2015\/11\/P\u00e5lPS-300x200.jpg\" alt=\"Governors: P\u00e5l (Foto:Kjell Torgersen)\" width=\"300\" height=\"200\" srcset=\"http:\/\/governors.no\/wp-content\/uploads\/2015\/11\/P\u00e5lPS-300x200.jpg 300w, http:\/\/governors.no\/wp-content\/uploads\/2015\/11\/P\u00e5lPS-450x300.jpg 450w, http:\/\/governors.no\/wp-content\/uploads\/2015\/11\/P\u00e5lPS-900x600.jpg 900w, http:\/\/governors.no\/wp-content\/uploads\/2015\/11\/P\u00e5lPS.jpg 960w\" sizes=\"auto, (max-width: 300px) 100vw, 300px\" \/><\/a><\/p>\n<h3 style=\"text-align: center;\"><span style=\"color: #800080;\">Foto: Kjell Torgersen<\/span><\/h3>\n<p style=\"text-align: center;\"><span style=\"color: #ffcc00;\">The Governors tilgjengelige\u00a0for spilleoppdrag. Se v\u00e5r <span style=\"text-decoration: underline;\"><a href=\"http:\/\/www.governors.no\/?page_id=21\">bookingside<\/a><\/span> for kontaktinformasjon!<\/span><\/p>\n","protected":false},"excerpt":{"rendered":"<p>Mossebandet Governors beveger seg i grenselandet mellom rock og blues. De har sine musikalske r\u00f8tter i s\u00f8rstatene, inspirert av band som Gov\u00b4t Mule, Tedschi Trucks Band, ZZ Top og Allman Brothers Band. Governors best\u00e5r av vokalist og gitarist Lars Hovland, Jan Andre S\u00e6ther p\u00e5 trommer, Morten Slettmyr p\u00e5 gitar og sang, samt P\u00e5l Mikkelsen p\u00e5&#8230; <\/p>\n<div class=\"read-more navbutton\"><a href=\"http:\/\/www.governors.no\/?page_id=2\">Read More<i class=\"fa fa-angle-double-right\"><\/i><\/a><\/div>\n","protected":false},"author":1,"featured_media":0,"parent":0,"menu_order":0,"comment_status":"open","ping_status":"open","template":"","meta":{"footnotes":""},"class_list":["post-2","page","type-page","status-publish","hentry"],"_links":{"self":[{"href":"http:\/\/www.governors.no\/index.php?rest_route=\/wp\/v2\/pages\/2","targetHints":{"allow":["GET"]}}],"collection":[{"href":"http:\/\/www.governors.no\/index.php?rest_route=\/wp\/v2\/pages"}],"about":[{"href":"http:\/\/www.governors.no\/index.php?rest_route=\/wp\/v2\/types\/page"}],"author":[{"embeddable":true,"href":"http:\/\/www.governors.no\/index.php?rest_route=\/wp\/v2\/users\/1"}],"replies":[{"embeddable":true,"href":"http:\/\/www.governors.no\/index.php?rest_route=%2Fwp%2Fv2%2Fcomments&post=2"}],"version-history":[{"count":14,"href":"http:\/\/www.governors.no\/index.php?rest_route=\/wp\/v2\/pages\/2\/revisions"}],"predecessor-version":[{"id":438,"href":"http:\/\/www.governors.no\/index.php?rest_route=\/wp\/v2\/pages\/2\/revisions\/438"}],"wp:attachment":[{"href":"http:\/\/www.governors.no\/index.php?rest_route=%2Fwp%2Fv2%2Fmedia&parent=2"}],"curies":[{"name":"wp","href":"https:\/\/api.w.org\/{rel}","templated":true}]}}